{"id":2009,"date":"2026-02-02T17:08:36","date_gmt":"2026-02-02T10:08:36","guid":{"rendered":"https:\/\/nhism.com\/?page_id=2009"},"modified":"2026-02-06T15:04:10","modified_gmt":"2026-02-06T08:04:10","slug":"ve-nhism","status":"publish","type":"page","link":"https:\/\/nhism.com\/?page_id=2009","title":{"rendered":"V\u1ec1 Nhism"},"content":{"rendered":"<div class=\"wp-block-image\">\n<figure class=\"aligncenter size-full\"><img loading=\"lazy\" decoding=\"async\" width=\"721\" height=\"960\" src=\"https:\/\/nhism.com\/wp-content\/uploads\/2026\/02\/273283116_10224752443414299_6008924484324084081_n.jpg\" alt=\"\" class=\"wp-image-1978\" srcset=\"https:\/\/nhism.com\/wp-content\/uploads\/2026\/02\/273283116_10224752443414299_6008924484324084081_n.jpg 721w, https:\/\/nhism.com\/wp-content\/uploads\/2026\/02\/273283116_10224752443414299_6008924484324084081_n-225x300.jpg 225w\" sizes=\"auto, (max-width: 721px) 100vw, 721px\" \/><\/figure>\n<\/div>\n\n\n<p>T\u00f4i l\u00e0 ai?<\/p>\n\n\n\n<p>T\u00f4i l\u00e0 g\u00ec?<\/p>\n\n\n\n<p>Tui kh\u00f4ng c\u00f3 bi\u1ebft \u1ea1 \ud83d\ude42<\/p>\n\n\n\n<p>H\u00e3y c\u01b0\u1eddi th\u1eadt nhi\u1ec1u nha ng\u1ed1. <\/p>\n\n\n\n<p><\/p>\n","protected":false},"excerpt":{"rendered":"<p>T\u00f4i l\u00e0 ai? T\u00f4i l\u00e0 g\u00ec? Tui kh\u00f4ng c\u00f3 bi\u1ebft \u1ea1 \ud83d\ude42 H\u00e3y c\u01b0\u1eddi th\u1eadt nhi\u1ec1u nha ng\u1ed1.<\/p>\n","protected":false},"author":2,"featured_media":0,"parent":0,"menu_order":0,"comment_status":"closed","ping_status":"closed","template":"","meta":{"footnotes":""},"class_list":["post-2009","page","type-page","status-publish","hentry"],"_links":{"self":[{"href":"https:\/\/nhism.com\/index.php?rest_route=\/wp\/v2\/pages\/2009","targetHints":{"allow":["GET"]}}],"collection":[{"href":"https:\/\/nhism.com\/index.php?rest_route=\/wp\/v2\/pages"}],"about":[{"href":"https:\/\/nhism.com\/index.php?rest_route=\/wp\/v2\/types\/page"}],"author":[{"embeddable":true,"href":"https:\/\/nhism.com\/index.php?rest_route=\/wp\/v2\/users\/2"}],"replies":[{"embeddable":true,"href":"https:\/\/nhism.com\/index.php?rest_route=%2Fwp%2Fv2%2Fcomments&post=2009"}],"version-history":[{"count":2,"href":"https:\/\/nhism.com\/index.php?rest_route=\/wp\/v2\/pages\/2009\/revisions"}],"predecessor-version":[{"id":2041,"href":"https:\/\/nhism.com\/index.php?rest_route=\/wp\/v2\/pages\/2009\/revisions\/2041"}],"wp:attachment":[{"href":"https:\/\/nhism.com\/index.php?rest_route=%2Fwp%2Fv2%2Fmedia&parent=2009"}],"curies":[{"name":"wp","href":"https:\/\/api.w.org\/{rel}","templated":true}]}}